{"id":3,"date":"2026-02-12T20:23:43","date_gmt":"2026-02-12T20:23:43","guid":{"rendered":"https:\/\/klaritohielo.com\/?page_id=3"},"modified":"2026-02-18T14:04:58","modified_gmt":"2026-02-18T20:04:58","slug":"aviso-de-privacidad","status":"publish","type":"page","link":"https:\/\/klaritohielo.com\/?page_id=3","title":{"rendered":"Aviso de Privacidad Integral"},"content":{"rendered":"\n<div class=\"wp-block-group alignwide has-base-background-color has-background is-layout-flow wp-block-group-is-layout-flow\" style=\"border-top-left-radius:8px;border-top-right-radius:8px;border-bottom-left-radius:8px;border-bottom-right-radius:8px;padding-top:var(--wp--preset--spacing--50);padding-right:var(--wp--preset--spacing--30);padding-bottom:var(--wp--preset--spacing--50);padding-left:var(--wp--preset--spacing--30);box-shadow:var(--wp--preset--shadow--natural)\">\n<h2 class=\"wp-block-heading\">Aviso de Privacidad<\/h2>\n\n\n\n<p><strong>Klarito HIELO<\/strong>, con domicilio en Guadalajara, Jalisco, M\u00e9xico (C.P. 44890), es el responsable del uso y protecci\u00f3n de sus datos personales.<\/p>\n\n\n\n<h2 class=\"wp-block-heading\">FINALIDADES DEL TRATMIENTO<\/h2>\n\n\n\n<p>Los datos personales que recabamos de usted, los utilizaremos para las siguientes finalidades que son necesarias para el servicio que solicita:<\/p>\n\n\n\n<ul class=\"wp-block-list\">\n<li>Identificaci\u00f3n del cliente para la preparaci\u00f3n y apartado de pedidos de hielo.<\/li>\n\n\n\n<li>Comunicaci\u00f3n directa para coordinar la venta y recolecci\u00f3n de productos.<\/li>\n\n\n\n<li>Proporcionar la ubicaci\u00f3n exacta del punto de recolecci\u00f3n una vez confirmado el pedido por el cliente.<\/li>\n<\/ul>\n\n\n\n<h2 class=\"wp-block-heading\">DATOS PERSONALES RECABADOS<\/h2>\n\n\n\n<p>Para llevar a cabo las finalidades descritas en el presente aviso de privacidad, utilizaremos los siguientes datos:<\/p>\n\n\n\n<ul class=\"wp-block-list\">\n<li>Nombre de contacto.<\/li>\n\n\n\n<li>N\u00famero telef\u00f3nico (WhatsApp o llamadas).<\/li>\n\n\n\n<li>Email.<\/li>\n<\/ul>\n\n\n\n<h2 class=\"wp-block-heading\">DATOS ARCO<\/h2>\n\n\n\n<p>Usted tiene derecho a conocer qu\u00e9 datos personales tenemos de usted, para qu\u00e9 los utilizamos y las condiciones del uso que les damos (Acceso). Asimismo, es su derecho solicitar la correcci\u00f3n de su informaci\u00f3n personal en caso de que est\u00e9 desactualizada, sea inexacta o incompleta (Rectificaci\u00f3n); que la eliminemos de nuestros registros o bases de datos cuando considere que la misma no est\u00e1 siendo utilizada adecuadamente (Cancelaci\u00f3n); as\u00ed como oponerse al uso de sus datos personales para fines espec\u00edficos (Oposici\u00f3n).<\/p>\n\n\n\n<p>Para el ejercicio de cualquiera de los derechos ARCO, usted deber\u00e1 presentar la solicitud respectiva a trav\u00e9s del correo electr\u00f3nico: <strong>admin@klaritohielo.com<\/strong>.<\/p>\n\n\n\n<h2 class=\"wp-block-heading\"><strong>Cambios al Aviso de Privacidad<\/strong><\/h2>\n\n\n\n<p>El presente aviso de privacidad puede sufrir modificaciones o actualizaciones derivadas de nuevos requerimientos legales o de nuestras propias necesidades comerciales. Los cambios se informar\u00e1n a trav\u00e9s de nuestra p\u00e1gina de internet: <a href=\"https:\/\/klaritohielo.com\/\" data-type=\"page\" data-id=\"2\">klaritohielo.com<\/a>.<\/p>\n<\/div>\n","protected":false},"excerpt":{"rendered":"<p>Aviso de Privacidad Klarito HIELO, con domicilio en Guadalajara, Jalisco, M\u00e9xico (C.P. 44890), es el responsable del uso y protecci\u00f3n de sus datos personales. FINALIDADES DEL TRATMIENTO Los datos personales que recabamos de usted, los utilizaremos para las siguientes finalidades que son necesarias para el servicio que solicita: DATOS PERSONALES RECABADOS Para llevar a cabo [&hellip;]<\/p>\n","protected":false},"author":1,"featured_media":0,"parent":0,"menu_order":0,"comment_status":"closed","ping_status":"open","template":"","meta":{"footnotes":""},"class_list":["post-3","page","type-page","status-publish","hentry"],"yoast_head":"<!-- This site is optimized with the Yoast SEO Premium plugin v27.1 (Yoast SEO v27.3) - https:\/\/yoast.com\/product\/yoast-seo-premium-wordpress\/ -->\n<title>Aviso de Privacidad | Klarito HIELO<\/title>\n<meta name=\"description\" content=\"Consulta c\u00f3mo protegemos tus datos personales en Klarito HIELO. Transparencia y seguridad en el manejo de tu informaci\u00f3n para pedidos en Guadalajara.\" \/>\n<meta name=\"robots\" content=\"noindex, follow\" \/>\n<meta property=\"og:locale\" content=\"es_ES\" \/>\n<meta property=\"og:type\" content=\"article\" \/>\n<meta property=\"og:title\" content=\"Aviso de Privacidad | Klarito HIELO\" \/>\n<meta property=\"og:description\" content=\"Consulta c\u00f3mo protegemos tus datos personales en Klarito HIELO. Transparencia y seguridad en el manejo de tu informaci\u00f3n para pedidos en Guadalajara.\" \/>\n<meta property=\"og:url\" content=\"https:\/\/klaritohielo.com\/?page_id=3\" \/>\n<meta property=\"og:site_name\" content=\"Klarito HIELO\" \/>\n<meta property=\"article:modified_time\" content=\"2026-02-18T20:04:58+00:00\" \/>\n<meta property=\"og:image\" content=\"https:\/\/klaritohielo.com\/wp-content\/uploads\/2026\/02\/PERFIL.2026.02.06.Fondo-Azul-y-Patron.png\" \/>\n\t<meta property=\"og:image:width\" content=\"1080\" \/>\n\t<meta property=\"og:image:height\" content=\"1080\" \/>\n\t<meta property=\"og:image:type\" content=\"image\/png\" \/>\n<meta name=\"twitter:card\" content=\"summary_large_image\" \/>\n<meta name=\"twitter:title\" content=\"Aviso de Privacidad Integral\" \/>\n<meta name=\"twitter:label1\" content=\"Tiempo de lectura\" \/>\n\t<meta name=\"twitter:data1\" content=\"2 minutos\" \/>\n<script type=\"application\/ld+json\" class=\"yoast-schema-graph\">{\"@context\":\"https:\\\/\\\/schema.org\",\"@graph\":[{\"@type\":\"WebPage\",\"@id\":\"https:\\\/\\\/klaritohielo.com\\\/?page_id=3\",\"url\":\"https:\\\/\\\/klaritohielo.com\\\/?page_id=3\",\"name\":\"Aviso de Privacidad | Klarito HIELO\",\"isPartOf\":{\"@id\":\"https:\\\/\\\/klaritohielo.com\\\/#website\"},\"datePublished\":\"2026-02-12T20:23:43+00:00\",\"dateModified\":\"2026-02-18T20:04:58+00:00\",\"description\":\"Consulta c\u00f3mo protegemos tus datos personales en Klarito HIELO. Transparencia y seguridad en el manejo de tu informaci\u00f3n para pedidos en Guadalajara.\",\"breadcrumb\":{\"@id\":\"https:\\\/\\\/klaritohielo.com\\\/?page_id=3#breadcrumb\"},\"inLanguage\":\"es\",\"potentialAction\":[{\"@type\":\"ReadAction\",\"target\":[\"https:\\\/\\\/klaritohielo.com\\\/?page_id=3\"]}]},{\"@type\":\"BreadcrumbList\",\"@id\":\"https:\\\/\\\/klaritohielo.com\\\/?page_id=3#breadcrumb\",\"itemListElement\":[{\"@type\":\"ListItem\",\"position\":1,\"name\":\"Portada\",\"item\":\"https:\\\/\\\/klaritohielo.com\\\/\"},{\"@type\":\"ListItem\",\"position\":2,\"name\":\"Aviso de Privacidad Integral\"}]},{\"@type\":\"WebSite\",\"@id\":\"https:\\\/\\\/klaritohielo.com\\\/#website\",\"url\":\"https:\\\/\\\/klaritohielo.com\\\/\",\"name\":\"Klarito HIELO\",\"description\":\"\",\"publisher\":{\"@id\":\"https:\\\/\\\/klaritohielo.com\\\/#organization\"},\"potentialAction\":[{\"@type\":\"SearchAction\",\"target\":{\"@type\":\"EntryPoint\",\"urlTemplate\":\"https:\\\/\\\/klaritohielo.com\\\/?s={search_term_string}\"},\"query-input\":{\"@type\":\"PropertyValueSpecification\",\"valueRequired\":true,\"valueName\":\"search_term_string\"}}],\"inLanguage\":\"es\"},{\"@type\":\"Organization\",\"@id\":\"https:\\\/\\\/klaritohielo.com\\\/#organization\",\"name\":\"Klarito HIELO\",\"url\":\"https:\\\/\\\/klaritohielo.com\\\/\",\"logo\":{\"@type\":\"ImageObject\",\"inLanguage\":\"es\",\"@id\":\"https:\\\/\\\/klaritohielo.com\\\/#\\\/schema\\\/logo\\\/image\\\/\",\"url\":\"https:\\\/\\\/klaritohielo.com\\\/wp-content\\\/uploads\\\/2026\\\/02\\\/LOGO.2026.02.08.Klarito-HIELO.CRISTAL.02-scaled.png\",\"contentUrl\":\"https:\\\/\\\/klaritohielo.com\\\/wp-content\\\/uploads\\\/2026\\\/02\\\/LOGO.2026.02.08.Klarito-HIELO.CRISTAL.02-scaled.png\",\"width\":2560,\"height\":1051,\"caption\":\"Klarito HIELO\"},\"image\":{\"@id\":\"https:\\\/\\\/klaritohielo.com\\\/#\\\/schema\\\/logo\\\/image\\\/\"}}]}<\/script>\n<!-- \/ Yoast SEO Premium plugin. -->","yoast_head_json":{"title":"Aviso de Privacidad | Klarito HIELO","description":"Consulta c\u00f3mo protegemos tus datos personales en Klarito HIELO. Transparencia y seguridad en el manejo de tu informaci\u00f3n para pedidos en Guadalajara.","robots":{"index":"noindex","follow":"follow"},"og_locale":"es_ES","og_type":"article","og_title":"Aviso de Privacidad | Klarito HIELO","og_description":"Consulta c\u00f3mo protegemos tus datos personales en Klarito HIELO. Transparencia y seguridad en el manejo de tu informaci\u00f3n para pedidos en Guadalajara.","og_url":"https:\/\/klaritohielo.com\/?page_id=3","og_site_name":"Klarito HIELO","article_modified_time":"2026-02-18T20:04:58+00:00","og_image":[{"width":1080,"height":1080,"url":"https:\/\/klaritohielo.com\/wp-content\/uploads\/2026\/02\/PERFIL.2026.02.06.Fondo-Azul-y-Patron.png","type":"image\/png"}],"twitter_card":"summary_large_image","twitter_title":"Aviso de Privacidad Integral","twitter_misc":{"Tiempo de lectura":"2 minutos"},"schema":{"@context":"https:\/\/schema.org","@graph":[{"@type":"WebPage","@id":"https:\/\/klaritohielo.com\/?page_id=3","url":"https:\/\/klaritohielo.com\/?page_id=3","name":"Aviso de Privacidad | Klarito HIELO","isPartOf":{"@id":"https:\/\/klaritohielo.com\/#website"},"datePublished":"2026-02-12T20:23:43+00:00","dateModified":"2026-02-18T20:04:58+00:00","description":"Consulta c\u00f3mo protegemos tus datos personales en Klarito HIELO. Transparencia y seguridad en el manejo de tu informaci\u00f3n para pedidos en Guadalajara.","breadcrumb":{"@id":"https:\/\/klaritohielo.com\/?page_id=3#breadcrumb"},"inLanguage":"es","potentialAction":[{"@type":"ReadAction","target":["https:\/\/klaritohielo.com\/?page_id=3"]}]},{"@type":"BreadcrumbList","@id":"https:\/\/klaritohielo.com\/?page_id=3#breadcrumb","itemListElement":[{"@type":"ListItem","position":1,"name":"Portada","item":"https:\/\/klaritohielo.com\/"},{"@type":"ListItem","position":2,"name":"Aviso de Privacidad Integral"}]},{"@type":"WebSite","@id":"https:\/\/klaritohielo.com\/#website","url":"https:\/\/klaritohielo.com\/","name":"Klarito HIELO","description":"","publisher":{"@id":"https:\/\/klaritohielo.com\/#organization"},"potentialAction":[{"@type":"SearchAction","target":{"@type":"EntryPoint","urlTemplate":"https:\/\/klaritohielo.com\/?s={search_term_string}"},"query-input":{"@type":"PropertyValueSpecification","valueRequired":true,"valueName":"search_term_string"}}],"inLanguage":"es"},{"@type":"Organization","@id":"https:\/\/klaritohielo.com\/#organization","name":"Klarito HIELO","url":"https:\/\/klaritohielo.com\/","logo":{"@type":"ImageObject","inLanguage":"es","@id":"https:\/\/klaritohielo.com\/#\/schema\/logo\/image\/","url":"https:\/\/klaritohielo.com\/wp-content\/uploads\/2026\/02\/LOGO.2026.02.08.Klarito-HIELO.CRISTAL.02-scaled.png","contentUrl":"https:\/\/klaritohielo.com\/wp-content\/uploads\/2026\/02\/LOGO.2026.02.08.Klarito-HIELO.CRISTAL.02-scaled.png","width":2560,"height":1051,"caption":"Klarito HIELO"},"image":{"@id":"https:\/\/klaritohielo.com\/#\/schema\/logo\/image\/"}}]}},"_links":{"self":[{"href":"https:\/\/klaritohielo.com\/index.php?rest_route=\/wp\/v2\/pages\/3","targetHints":{"allow":["GET"]}}],"collection":[{"href":"https:\/\/klaritohielo.com\/index.php?rest_route=\/wp\/v2\/pages"}],"about":[{"href":"https:\/\/klaritohielo.com\/index.php?rest_route=\/wp\/v2\/types\/page"}],"author":[{"embeddable":true,"href":"https:\/\/klaritohielo.com\/index.php?rest_route=\/wp\/v2\/users\/1"}],"replies":[{"embeddable":true,"href":"https:\/\/klaritohielo.com\/index.php?rest_route=%2Fwp%2Fv2%2Fcomments&post=3"}],"version-history":[{"count":8,"href":"https:\/\/klaritohielo.com\/index.php?rest_route=\/wp\/v2\/pages\/3\/revisions"}],"predecessor-version":[{"id":410,"href":"https:\/\/klaritohielo.com\/index.php?rest_route=\/wp\/v2\/pages\/3\/revisions\/410"}],"wp:attachment":[{"href":"https:\/\/klaritohielo.com\/index.php?rest_route=%2Fwp%2Fv2%2Fmedia&parent=3"}],"curies":[{"name":"wp","href":"https:\/\/api.w.org\/{rel}","templated":true}]}}